{"id":28,"date":"2023-01-21T08:56:11","date_gmt":"2023-01-21T08:56:11","guid":{"rendered":"https:\/\/alpeia.com\/blogs\/?page_id=28"},"modified":"2023-01-21T09:18:20","modified_gmt":"2023-01-21T09:18:20","slug":"alpeblogs-la-zona-de-socios","status":"publish","type":"page","link":"https:\/\/alpeia.com\/blogs\/","title":{"rendered":"Alpeblogs, la zona de socios"},"content":{"rendered":"\n<p>\u00a1Ser socio de Alpeia recompensa! Y es que Alpeia siempre ofrece cosas buenas. Como regalo para estas navidades, os anticipa un espacio en internet totalmente gratuito para publicar esa campa\u00f1a que llevas entre manos, ese espacio que necesitas para comunicarte con tus jugadores y en definitiva un espacio virtual personalizable a cada necesidad. Usando tecnolog\u00eda WordPress, os ofrecemos este nuevo espacio que alojar\u00e1 los diferentes blogs de socios de Alpeia 2025 y que ser\u00e1n publicitados en este portal a medida que se vayan generando.<\/p>\n\n\n\n<h3 class=\"wp-block-heading\">Registrarse en Alpeblogs y crear un blog<\/h3>\n\n\n\n<p>La validaci\u00f3n en Alpeblogs es diferente a la de la p\u00e1gina web, de modo que tienes que registrarte en este sistema con un usuario y direcci\u00f3n de correo de Alpeia para poder disfrutar de Blogs ilimitados. Para ello hemos&nbsp; colocado un par de capturas de imagen con la secuencia correcta para hacerlo. Recuerda que recibir\u00e1s un mensaje en tu correo para validar el registro.<\/p>\n\n\n\n<h3 class=\"wp-block-heading\">Gravatar<\/h3>\n\n\n\n<p>Para conseguir un bonito avatar en los Alpeblogs cada vez que hac\u00e9is comentarios en vez del monstruo autogenerado que os colocar\u00e1, deb\u00e9is registrar vuestro correo en la web <a href=\"\\&quot;http:\/\/en.gravatar.com\/\\&quot;\">http:\/\/en.gravatar.com<\/a>. Para ello, simplemente te das de alta en el servicio y subes la imagen de tu avatar preferido. A partir de ese momento, en cualquier blog en que te registres usando el correo electr\u00f3nico @alpeia.com vinculado a tu cuenta, se colocar\u00e1 autom\u00e1ticamente tu avatar de Gravatar.<\/p>\n","protected":false},"excerpt":{"rendered":"<p>\u00a1Ser socio de Alpeia recompensa! Y es que Alpeia siempre ofrece cosas buenas. Como regalo para estas navidades, os anticipa un espacio en internet totalmente gratuito para publicar esa campa\u00f1a que llevas entre manos,&#46;&#46;&#46;<\/p>\n","protected":false},"author":1,"featured_media":0,"parent":0,"menu_order":0,"comment_status":"closed","ping_status":"closed","template":"","meta":{"footnotes":""},"class_list":["post-28","page","type-page","status-publish","hentry"],"_links":{"self":[{"href":"https:\/\/alpeia.com\/blogs\/wp-json\/wp\/v2\/pages\/28","targetHints":{"allow":["GET"]}}],"collection":[{"href":"https:\/\/alpeia.com\/blogs\/wp-json\/wp\/v2\/pages"}],"about":[{"href":"https:\/\/alpeia.com\/blogs\/wp-json\/wp\/v2\/types\/page"}],"author":[{"embeddable":true,"href":"https:\/\/alpeia.com\/blogs\/wp-json\/wp\/v2\/users\/1"}],"replies":[{"embeddable":true,"href":"https:\/\/alpeia.com\/blogs\/wp-json\/wp\/v2\/comments?post=28"}],"version-history":[{"count":5,"href":"https:\/\/alpeia.com\/blogs\/wp-json\/wp\/v2\/pages\/28\/revisions"}],"predecessor-version":[{"id":42,"href":"https:\/\/alpeia.com\/blogs\/wp-json\/wp\/v2\/pages\/28\/revisions\/42"}],"wp:attachment":[{"href":"https:\/\/alpeia.com\/blogs\/wp-json\/wp\/v2\/media?parent=28"}],"curies":[{"name":"wp","href":"https:\/\/api.w.org\/{rel}","templated":true}]}}