{"id":56,"date":"2009-12-17T12:56:35","date_gmt":"2009-12-17T11:56:35","guid":{"rendered":"http:\/\/alpeia.com\/blogs\/rolemonsters\/?page_id=56"},"modified":"2009-12-17T13:01:05","modified_gmt":"2009-12-17T12:01:05","slug":"campanas","status":"publish","type":"page","link":"https:\/\/alpeia.com\/blogs\/rolemonsters\/campanas\/","title":{"rendered":"Campa\u00f1as"},"content":{"rendered":"<p style=\"text-align: justify\">Las diferentes campa\u00f1as de Rolemonsters pueden consultarse recopiladas en el apartado de campa\u00f1as de la web de Alpeia 2025 a trav\u00e9s de los siguientes enlace:<\/p>\n<ul>\n<li><a href=\"http:\/\/alpeia.com\/index.php?option=com_content&amp;task=blogcategory&amp;id=44&amp;Itemid=42\" target=\"_blank\">La Hermandad de la Rueda<\/a>.- Campa\u00f1a a RQM por Rankor d\u00f3nde una extra\u00f1a secta de disc\u00edpulos de la luz liderados por Julius Akerman, que adoran a la Piedra del Sol, causan inestabilidad pol\u00edtica en el condado de Sundaer y diversos conflictos en los que parece que criaturas del Caos est\u00e1n implicadas.<\/li>\n<\/ul>\n","protected":false},"excerpt":{"rendered":"<p>Las diferentes campa\u00f1as de Rolemonsters pueden consultarse recopiladas en el apartado de campa\u00f1as de la web de Alpeia 2025 a trav\u00e9s de los siguientes enlace: La Hermandad de la Rueda.- Campa\u00f1a a RQM por&#46;&#46;&#46;<\/p>\n","protected":false},"author":5,"featured_media":0,"parent":0,"menu_order":0,"comment_status":"open","ping_status":"open","template":"","meta":{"footnotes":""},"class_list":["post-56","page","type-page","status-publish","hentry"],"_links":{"self":[{"href":"https:\/\/alpeia.com\/blogs\/rolemonsters\/wp-json\/wp\/v2\/pages\/56","targetHints":{"allow":["GET"]}}],"collection":[{"href":"https:\/\/alpeia.com\/blogs\/rolemonsters\/wp-json\/wp\/v2\/pages"}],"about":[{"href":"https:\/\/alpeia.com\/blogs\/rolemonsters\/wp-json\/wp\/v2\/types\/page"}],"author":[{"embeddable":true,"href":"https:\/\/alpeia.com\/blogs\/rolemonsters\/wp-json\/wp\/v2\/users\/5"}],"replies":[{"embeddable":true,"href":"https:\/\/alpeia.com\/blogs\/rolemonsters\/wp-json\/wp\/v2\/comments?post=56"}],"version-history":[{"count":4,"href":"https:\/\/alpeia.com\/blogs\/rolemonsters\/wp-json\/wp\/v2\/pages\/56\/revisions"}],"predecessor-version":[{"id":59,"href":"https:\/\/alpeia.com\/blogs\/rolemonsters\/wp-json\/wp\/v2\/pages\/56\/revisions\/59"}],"wp:attachment":[{"href":"https:\/\/alpeia.com\/blogs\/rolemonsters\/wp-json\/wp\/v2\/media?parent=56"}],"curies":[{"name":"wp","href":"https:\/\/api.w.org\/{rel}","templated":true}]}}