{"id":51,"date":"2009-12-17T12:44:46","date_gmt":"2009-12-17T11:44:46","guid":{"rendered":"http:\/\/alpeia.com\/blogs\/rolemonsters\/?page_id=51"},"modified":"2009-12-21T13:40:17","modified_gmt":"2009-12-21T12:40:17","slug":"foro-2","status":"publish","type":"page","link":"https:\/\/alpeia.com\/blogs\/rolemonsters\/foro-2\/","title":{"rendered":"Foro"},"content":{"rendered":"<p style=\"text-align: justify\">Para acceder a los foros de Rolemonsters Cullera Connection debes acceder a la siguiente direcci\u00f3n de los Foros de Alpeia 2025 d\u00f3nde tenemos un apartado abierto de forma permanente para los temas que ata\u00f1en exclusivamente a este grupo:<\/p>\n<h3 style=\"text-align: center\"><a href=\"http:\/\/alpeia.com\/index.php?option=com_joomlaboard&amp;Itemid=12&amp;func=showcat&amp;catid=24\" target=\"_blank\">Foro Rolemonsters Cullera Connection<\/a><\/h3>\n","protected":false},"excerpt":{"rendered":"<p>Para acceder a los foros de Rolemonsters Cullera Connection debes acceder a la siguiente direcci\u00f3n de los Foros de Alpeia 2025 d\u00f3nde tenemos un apartado abierto de forma permanente para los temas que ata\u00f1en&#46;&#46;&#46;<\/p>\n","protected":false},"author":5,"featured_media":0,"parent":0,"menu_order":0,"comment_status":"open","ping_status":"open","template":"","meta":{"footnotes":""},"class_list":["post-51","page","type-page","status-publish","hentry"],"_links":{"self":[{"href":"https:\/\/alpeia.com\/blogs\/rolemonsters\/wp-json\/wp\/v2\/pages\/51","targetHints":{"allow":["GET"]}}],"collection":[{"href":"https:\/\/alpeia.com\/blogs\/rolemonsters\/wp-json\/wp\/v2\/pages"}],"about":[{"href":"https:\/\/alpeia.com\/blogs\/rolemonsters\/wp-json\/wp\/v2\/types\/page"}],"author":[{"embeddable":true,"href":"https:\/\/alpeia.com\/blogs\/rolemonsters\/wp-json\/wp\/v2\/users\/5"}],"replies":[{"embeddable":true,"href":"https:\/\/alpeia.com\/blogs\/rolemonsters\/wp-json\/wp\/v2\/comments?post=51"}],"version-history":[{"count":7,"href":"https:\/\/alpeia.com\/blogs\/rolemonsters\/wp-json\/wp\/v2\/pages\/51\/revisions"}],"predecessor-version":[{"id":53,"href":"https:\/\/alpeia.com\/blogs\/rolemonsters\/wp-json\/wp\/v2\/pages\/51\/revisions\/53"}],"wp:attachment":[{"href":"https:\/\/alpeia.com\/blogs\/rolemonsters\/wp-json\/wp\/v2\/media?parent=51"}],"curies":[{"name":"wp","href":"https:\/\/api.w.org\/{rel}","templated":true}]}}