{"id":15,"date":"2009-12-17T10:57:32","date_gmt":"2009-12-17T09:57:32","guid":{"rendered":"http:\/\/alpeia.com\/blogs\/rolemonsters\/?page_id=15"},"modified":"2009-12-17T12:06:40","modified_gmt":"2009-12-17T11:06:40","slug":"juegos-actuales","status":"publish","type":"page","link":"https:\/\/alpeia.com\/blogs\/rolemonsters\/juegos-actuales\/","title":{"rendered":"Juegos Actuales"},"content":{"rendered":"<p style=\"text-align: justify\">En estos momentos, las partidas que est\u00e1n en marcha en las quedadas mensuales son principalmente al Multiverso Runequest y D&amp;D4. Tambi\u00e9n han existido partidas a Traveller y Gurps de manera m\u00e1s espor\u00e1dica en esta \u00faltima \u00e9poca. La periodicidad de las partidas ha forzado en ocasiones a adaptar el ritmo de las partidas aceler\u00e1ndo los encuentros y los progresos de los personajes, de manera que el juego en multiverso nos permite usar los mismos personajes en el mismo mundo alternando a los masters que dirigen y simultaneando dos campa\u00f1as. De esta manera los personajes tienen m\u00e1s continuidad y tienen opci\u00f3n de alcanzar niveles de desarrollo aceptables.<\/p>\n\n","protected":false},"excerpt":{"rendered":"<p>En estos momentos, las partidas que est\u00e1n en marcha en las quedadas mensuales son principalmente al Multiverso Runequest y D&amp;D4. Tambi\u00e9n han existido partidas a Traveller y Gurps de manera m\u00e1s espor\u00e1dica en esta&#46;&#46;&#46;<\/p>\n","protected":false},"author":5,"featured_media":0,"parent":0,"menu_order":0,"comment_status":"open","ping_status":"open","template":"","meta":{"footnotes":""},"class_list":["post-15","page","type-page","status-publish","hentry"],"_links":{"self":[{"href":"https:\/\/alpeia.com\/blogs\/rolemonsters\/wp-json\/wp\/v2\/pages\/15","targetHints":{"allow":["GET"]}}],"collection":[{"href":"https:\/\/alpeia.com\/blogs\/rolemonsters\/wp-json\/wp\/v2\/pages"}],"about":[{"href":"https:\/\/alpeia.com\/blogs\/rolemonsters\/wp-json\/wp\/v2\/types\/page"}],"author":[{"embeddable":true,"href":"https:\/\/alpeia.com\/blogs\/rolemonsters\/wp-json\/wp\/v2\/users\/5"}],"replies":[{"embeddable":true,"href":"https:\/\/alpeia.com\/blogs\/rolemonsters\/wp-json\/wp\/v2\/comments?post=15"}],"version-history":[{"count":8,"href":"https:\/\/alpeia.com\/blogs\/rolemonsters\/wp-json\/wp\/v2\/pages\/15\/revisions"}],"predecessor-version":[{"id":37,"href":"https:\/\/alpeia.com\/blogs\/rolemonsters\/wp-json\/wp\/v2\/pages\/15\/revisions\/37"}],"wp:attachment":[{"href":"https:\/\/alpeia.com\/blogs\/rolemonsters\/wp-json\/wp\/v2\/media?parent=15"}],"curies":[{"name":"wp","href":"https:\/\/api.w.org\/{rel}","templated":true}]}}