{"id":13,"date":"2009-12-17T10:56:51","date_gmt":"2009-12-17T09:56:51","guid":{"rendered":"http:\/\/alpeia.com\/blogs\/rolemonsters\/?page_id=13"},"modified":"2011-05-24T06:36:57","modified_gmt":"2011-05-24T05:36:57","slug":"quedadas","status":"publish","type":"page","link":"https:\/\/alpeia.com\/blogs\/rolemonsters\/quedadas\/","title":{"rendered":"Quedadas"},"content":{"rendered":"<p style=\"text-align: justify\">Hace tiempo que acabaron los d\u00edas de sesiones interminables d\u00eda tras d\u00eda el el peque\u00f1o balc\u00f3n del piso de verano, pero no todo est\u00e1 perdido. Seguimos quedando y jugando diferentes partidas, m\u00e1s limitados por tiempo que no por ilusi\u00f3n. La pr\u00f3xima quedada est\u00e1 planificada para:<\/p>\n<blockquote><p>?? de Junio de 2011 &#8211; Galdric (\u00bf?)<\/p><\/blockquote>\n<p>Las \u00faltimas quedadas realizadas se han producido:<\/p>\n<ul>\n<li>22 de Mayo de 2011 &#8211; Rankor (RQM)<\/li>\n<li>27 de Marzo de 2011 &#8211; Eihir (Hollow City)<\/li>\n<li>6 de Marzo de 2011 &#8211; Almuerzo<\/li>\n<li>27 de Febrero de 2011 &#8211; Necrus (D&amp;D3)<\/li>\n<li>12 de Septiembre de 2010 &#8211; Rankor (RQM)<\/li>\n<li>18 Julio de 2010 &#8211; Necrus (D&amp;D3)<\/li>\n<li>13 Junio de 2010 &#8211; Eihir (BRP)<\/li>\n<li>28 Marzo de 2010 &#8211; Eihir (RQM)<\/li>\n<li>13 Marzo de 2010 &#8211; Rankor<\/li>\n<li>7 Febrero de 2010 &#8211; Rankor (RQM)<\/li>\n<li>3 de Enero de 2010 &#8211; Necrus (D&amp;D4)<\/li>\n<li>25 de Octubre de 2009 &#8211; Eihir (RQM)<\/li>\n<li>20 de Septiembre de 2009 &#8211; Rankor (RQM)<\/li>\n<li>23 de Agosto de 2009 &#8211; Necrus (D&amp;D4)<\/li>\n<\/ul>\n","protected":false},"excerpt":{"rendered":"<p>Hace tiempo que acabaron los d\u00edas de sesiones interminables d\u00eda tras d\u00eda el el peque\u00f1o balc\u00f3n del piso de verano, pero no todo est\u00e1 perdido. Seguimos quedando y jugando diferentes partidas, m\u00e1s limitados por&#46;&#46;&#46;<\/p>\n","protected":false},"author":5,"featured_media":0,"parent":0,"menu_order":0,"comment_status":"open","ping_status":"open","template":"","meta":{"footnotes":""},"class_list":["post-13","page","type-page","status-publish","hentry"],"_links":{"self":[{"href":"https:\/\/alpeia.com\/blogs\/rolemonsters\/wp-json\/wp\/v2\/pages\/13","targetHints":{"allow":["GET"]}}],"collection":[{"href":"https:\/\/alpeia.com\/blogs\/rolemonsters\/wp-json\/wp\/v2\/pages"}],"about":[{"href":"https:\/\/alpeia.com\/blogs\/rolemonsters\/wp-json\/wp\/v2\/types\/page"}],"author":[{"embeddable":true,"href":"https:\/\/alpeia.com\/blogs\/rolemonsters\/wp-json\/wp\/v2\/users\/5"}],"replies":[{"embeddable":true,"href":"https:\/\/alpeia.com\/blogs\/rolemonsters\/wp-json\/wp\/v2\/comments?post=13"}],"version-history":[{"count":28,"href":"https:\/\/alpeia.com\/blogs\/rolemonsters\/wp-json\/wp\/v2\/pages\/13\/revisions"}],"predecessor-version":[{"id":170,"href":"https:\/\/alpeia.com\/blogs\/rolemonsters\/wp-json\/wp\/v2\/pages\/13\/revisions\/170"}],"wp:attachment":[{"href":"https:\/\/alpeia.com\/blogs\/rolemonsters\/wp-json\/wp\/v2\/media?parent=13"}],"curies":[{"name":"wp","href":"https:\/\/api.w.org\/{rel}","templated":true}]}}