{"id":6,"date":"2010-08-05T17:50:50","date_gmt":"2010-08-05T15:50:50","guid":{"rendered":"http:\/\/alpeia.com\/blogs\/loshijosdekaixiflan\/?page_id=6"},"modified":"2010-12-01T15:03:09","modified_gmt":"2010-12-01T13:03:09","slug":"kaixiflan","status":"publish","type":"page","link":"https:\/\/alpeia.com\/blogs\/loshijosdekaixiflan\/kaixiflan\/","title":{"rendered":"Kaixiflan"},"content":{"rendered":"<p style=\"text-align: justify\">El poderoso mago Kaixiflan fue miembro de un prestigioso grupo de aventureros que liber\u00f3 a la humanidad de grandes peligros y que es recordado entre nobles trovadores y juglares de taberna. Pero su historia es larga y se comenta que los m\u00e1s afamados sabios la han recogido en el diario de campa\u00f1a de \u00ab<a href=\"http:\/\/alpeia.com\/index.php?option=com_joomlaboard&amp;Itemid=12&amp;func=view&amp;id=12963&amp;catid=2&amp;limit=10&amp;limitstart=0\" target=\"_blank\">Se buscan mercenarios<\/a>\u00ab. Aqu\u00ed mostramos un fragmento extra\u00eddo de dichas cr\u00f3nicas d\u00f3nde el propio Kaixiflan se define a s\u00ed mismo en la b\u00fasqueda del conocimiento verdadero:<\/p>\n<blockquote>\n<p style=\"text-align: justify\">El  era uno con el todo. Su ser flu\u00eda por las infinitas dimensiones de la  mente. No sent\u00eda las urgencias de la carne. Su mente era libre. Libre  para recordar su camino y ver con claridad su futuro. Recordaba su  inocente ni\u00f1ez y su no tan inocente adolescencia. Recordaba a toda la  gente que hab\u00eda conocido y apreciado. Sus primeros pasos en el dominio  de unas artes que escapan de la percepci\u00f3n terrenal.  Y por supuesto  tambi\u00e9n recordaba sus inicios en el dominio de la hechicer\u00eda. Recordaba  como tuvo que alejarse de su  pl\u00e1cido refugio de seda para salvaguardar  su virilidad\u2026<\/p>\n<p style=\"text-align: justify\">Pero ese aciago comienzo fue el que le permiti\u00f3 iniciar  un camino de crecimiento personal hacia una madurez intelectual y el  dominio de los primitivos instintos de la carne. Fue gracias a un  curioso grupo de coincidencias como su camino se cruz\u00f3 con un grupo de  peculiares individuos. Un severo pero comprometido cl\u00e9rigo, un noble  pero pasional palad\u00edn, un fiero pero tierno guerrero,\u2026 Esos fueron s\u00f3lo  algunos de los especiales individuos con los que tuvo la oportunidad de  viajar, re\u00edr, sufrir,\u2026 <strong>vivir<\/strong>. Se dio cuenta que toda su  vida hab\u00eda vivido en la falsa ilusi\u00f3n de que s\u00f3lo la recompensa  inmediata y el inter\u00e9s propio era lo m\u00e1s importante. Sin embargo este  camino de crecimiento personal le hab\u00eda abierto la mente a el bien com\u00fan  y a la transcendencia de los intereses propios para el bien de  objetivos mayores. Ahora tenia un objetivo claro, mantener y expandir el  bienestar que hab\u00eda contribuido a crear.<\/p>\n<p style=\"text-align: justify\">Su concentraci\u00f3n empez\u00f3  a fallar\u2026 algo lo arrastraba de vuelta al mundo terrenal. Su mente  flaqueaba\u2026 \u00bfcomo seria capaz de contribuir al bien si su mente no era lo  suficiente disciplinada para mantener la concentraci\u00f3n?<br \/>\nOy\u00f3 unas risas,\u2026 \u00bfRisas?<\/p>\n<p style=\"text-align: justify\">Kaixiflan  abri\u00f3 los ojos. Segu\u00eda levitando a unos pocos cent\u00edmetros sobre una  gran roca a las afueras del poblado. Enfrente de el hab\u00eda un par de  j\u00f3venes amazonas que le hac\u00edan cosquillas en los pies. Cuando las  amazonas le vieron abrir los ojos estallaron en carcajadas contenidas.<\/p>\n<p style=\"text-align: justify\"><em>\u201cYa era hora, llevamos un buen rato intentando despertarte. No es sano dormir tanto. Te hace falta hacer m\u00e1s ejercicio.\u201d<\/em> le dijeron las j\u00f3venes entre risas<br \/>\n\u201c<em>Ya sab\u00e9is que no dorm\u00eda, estaba intentando meditar para alcanzar transcendencia\u201d<\/em> contesto Kaixiflan intentando aparentar indignaci\u00f3n<br \/>\n<em>\u201cSi, si.. lo que nosotras dec\u00edamos\u201d<\/em> contesto una de ellas.<br \/>\n<em>\u201cBueno, si te apetece hacer algo de ejercicio, nosotras vamos a nadar un rato al r\u00edo\u201d<\/em> dijo la otra echando a correr.<br \/>\nLa otra le lanzo una picara mirada y corri\u00f3 detr\u00e1s de su compa\u00f1era.<\/p>\n<p style=\"text-align: justify\"><em>\u201cAl fin s\u00f3lo\u201d<\/em> pens\u00f3 Kaixiflan. Ahora tendr\u00eda tiempo de concentrarse en sus ejercicios  de meditaci\u00f3n. Cerr\u00f3 los ojos y empez\u00f3 de nuevo a meditar. Sin embargo  su mente no alcanzaba la concentraci\u00f3n necesaria. Lo intent\u00f3 unos  minutos antes de darse por vencido\u2026<\/p>\n<p style=\"text-align: justify\"><em>\u201cHace demasiada calor para meditar en condiciones. Creo que me ir\u00e1 bien un ba\u00f1o para progresar en mis ejercicios espirituales\u201d <\/em>se dijo Kaixiflan intentando convencerse a si mismo.<\/p>\n<p style=\"text-align: justify\">De  todas formas, el camino hacia el bien com\u00fan no tenia que ser una l\u00ednea  recta. Pod\u00eda estar lleno de curvas. Especialmente de j\u00f3venes y  atractivas curvas\u2026<\/p>\n<\/blockquote>\n<ul>\n<li>El amor es tan importante como la comida, pero no alimenta.<\/li>\n<li>Fumar hierba te ayuda a descubrir tu yo interior aunque causa amnesia y otros efectos de los que no me acuerdo en estos momentos.<\/li>\n<li>Horas de c\u00e1nticos y ofrendas orgi\u00e1sticas pueden abrir un portal a las riquezas y poderes.<\/li>\n<li>Todas las artes han producido obras maestras, aunque el arte de gobernar solo ha producido monstruos.<\/li>\n<li>Lo que llamamos progreso es el cambio de un inconveniente  por otro.<\/li>\n<\/ul>\n","protected":false},"excerpt":{"rendered":"<p>El poderoso mago Kaixiflan fue miembro de un prestigioso grupo de aventureros que liber\u00f3 a la humanidad de grandes peligros y que es recordado entre nobles trovadores y juglares de taberna. Pero su historia&#46;&#46;&#46;<\/p>\n","protected":false},"author":5,"featured_media":0,"parent":0,"menu_order":2,"comment_status":"open","ping_status":"open","template":"","meta":{"footnotes":""},"class_list":["post-6","page","type-page","status-publish","hentry"],"_links":{"self":[{"href":"https:\/\/alpeia.com\/blogs\/loshijosdekaixiflan\/wp-json\/wp\/v2\/pages\/6","targetHints":{"allow":["GET"]}}],"collection":[{"href":"https:\/\/alpeia.com\/blogs\/loshijosdekaixiflan\/wp-json\/wp\/v2\/pages"}],"about":[{"href":"https:\/\/alpeia.com\/blogs\/loshijosdekaixiflan\/wp-json\/wp\/v2\/types\/page"}],"author":[{"embeddable":true,"href":"https:\/\/alpeia.com\/blogs\/loshijosdekaixiflan\/wp-json\/wp\/v2\/users\/5"}],"replies":[{"embeddable":true,"href":"https:\/\/alpeia.com\/blogs\/loshijosdekaixiflan\/wp-json\/wp\/v2\/comments?post=6"}],"version-history":[{"count":12,"href":"https:\/\/alpeia.com\/blogs\/loshijosdekaixiflan\/wp-json\/wp\/v2\/pages\/6\/revisions"}],"predecessor-version":[{"id":671,"href":"https:\/\/alpeia.com\/blogs\/loshijosdekaixiflan\/wp-json\/wp\/v2\/pages\/6\/revisions\/671"}],"wp:attachment":[{"href":"https:\/\/alpeia.com\/blogs\/loshijosdekaixiflan\/wp-json\/wp\/v2\/media?parent=6"}],"curies":[{"name":"wp","href":"https:\/\/api.w.org\/{rel}","templated":true}]}}