{"id":2,"date":"2009-12-15T00:19:59","date_gmt":"2009-12-14T23:19:59","guid":{"rendered":""},"modified":"2009-12-17T22:37:24","modified_gmt":"2009-12-17T21:37:24","slug":"about","status":"publish","type":"page","link":"https:\/\/alpeia.com\/blogs\/galenadas\/about\/","title":{"rendered":"Acerca de"},"content":{"rendered":"<p>Esto es un ejemplo de p\u00e1gina de WordPress, puedes editarla para mostrar informaci\u00f3n acerca de ti o tu sitio; as\u00ed, los lectores sabr\u00e1n a qu\u00e9 atenerse. Puedes crear tantas p\u00e1ginas o sub-p\u00e1ginas cuantas quieras y organizar su contenido dentro de WordPress.<\/p>\n","protected":false},"excerpt":{"rendered":"<p>Esto es un ejemplo de p\u00e1gina de WordPress, puedes editarla para mostrar informaci\u00f3n acerca de ti o tu sitio; as\u00ed, los lectores sabr\u00e1n a qu\u00e9 atenerse. Puedes crear tantas p\u00e1ginas o sub-p\u00e1ginas cuantas quieras&#46;&#46;&#46;<\/p>\n","protected":false},"author":4,"featured_media":0,"parent":0,"menu_order":0,"comment_status":"closed","ping_status":"open","template":"","meta":{"footnotes":""},"class_list":["post-2","page","type-page","status-publish","hentry"],"_links":{"self":[{"href":"https:\/\/alpeia.com\/blogs\/galenadas\/wp-json\/wp\/v2\/pages\/2","targetHints":{"allow":["GET"]}}],"collection":[{"href":"https:\/\/alpeia.com\/blogs\/galenadas\/wp-json\/wp\/v2\/pages"}],"about":[{"href":"https:\/\/alpeia.com\/blogs\/galenadas\/wp-json\/wp\/v2\/types\/page"}],"author":[{"embeddable":true,"href":"https:\/\/alpeia.com\/blogs\/galenadas\/wp-json\/wp\/v2\/users\/4"}],"replies":[{"embeddable":true,"href":"https:\/\/alpeia.com\/blogs\/galenadas\/wp-json\/wp\/v2\/comments?post=2"}],"version-history":[{"count":1,"href":"https:\/\/alpeia.com\/blogs\/galenadas\/wp-json\/wp\/v2\/pages\/2\/revisions"}],"predecessor-version":[{"id":4,"href":"https:\/\/alpeia.com\/blogs\/galenadas\/wp-json\/wp\/v2\/pages\/2\/revisions\/4"}],"wp:attachment":[{"href":"https:\/\/alpeia.com\/blogs\/galenadas\/wp-json\/wp\/v2\/media?parent=2"}],"curies":[{"name":"wp","href":"https:\/\/api.w.org\/{rel}","templated":true}]}}