{"id":15,"date":"2010-07-01T19:52:06","date_gmt":"2010-07-01T17:52:06","guid":{"rendered":"http:\/\/alpeia.com\/blogs\/divisionae\/?page_id=15"},"modified":"2023-01-21T13:34:16","modified_gmt":"2023-01-21T11:34:16","slug":"mision-1","status":"publish","type":"page","link":"https:\/\/alpeia.com\/blogs\/divisionae\/mision-1\/","title":{"rendered":"Diagramas"},"content":{"rendered":"\n<p>A continuaci\u00f3n ofrecemos unos diagramas con las principales relaciones entre personas y eventos para AECorp. Los organigramas est\u00e1n realizados con la herramienta CmapTool y se ir\u00e1n actualizando a medida que se establezcan m\u00e1s relaciones en la partida.<\/p>\n\n\n\n<p>El documento con toda la trama de la Misi\u00f3n 1 puedes consultarlo&nbsp; en este enlace:<\/p>\n\n\n\n<ul class=\"wp-block-list\">\n<li><a href=\"http:\/\/alpeia.com\/blogs\/divisionae\/wp-content\/blogs.dir\/10\/files\/sites\/10\/2023\/01\/Mision1.pdf\">PDF de la Misi\u00f3n 1<\/a><\/li>\n<\/ul>\n\n\n\n<figure class=\"wp-block-gallery has-nested-images columns-1 is-cropped wp-block-gallery-1 is-layout-flex wp-block-gallery-is-layout-flex\">\n<figure class=\"wp-block-image size-large\"><a href=\"https:\/\/alpeia.com\/blogs\/divisionae\/wp-content\/blogs.dir\/10\/files\/sites\/10\/2023\/01\/Mision-1-scaled.jpg\"><img loading=\"lazy\" decoding=\"async\" width=\"1024\" height=\"358\" data-id=\"368\" src=\"https:\/\/alpeia.com\/blogs\/divisionae\/wp-content\/blogs.dir\/10\/files\/sites\/10\/2023\/01\/Mision-1-1024x358.jpg\" alt=\"\" class=\"wp-image-368\" srcset=\"https:\/\/alpeia.com\/blogs\/divisionae\/wp-content\/blogs.dir\/10\/files\/sites\/10\/2023\/01\/Mision-1-1024x358.jpg 1024w, https:\/\/alpeia.com\/blogs\/divisionae\/wp-content\/blogs.dir\/10\/files\/sites\/10\/2023\/01\/Mision-1-300x105.jpg 300w, https:\/\/alpeia.com\/blogs\/divisionae\/wp-content\/blogs.dir\/10\/files\/sites\/10\/2023\/01\/Mision-1-768x269.jpg 768w, https:\/\/alpeia.com\/blogs\/divisionae\/wp-content\/blogs.dir\/10\/files\/sites\/10\/2023\/01\/Mision-1-1536x537.jpg 1536w, https:\/\/alpeia.com\/blogs\/divisionae\/wp-content\/blogs.dir\/10\/files\/sites\/10\/2023\/01\/Mision-1-2048x716.jpg 2048w\" sizes=\"auto, (max-width: 1024px) 100vw, 1024px\" \/><\/a><\/figure>\n\n\n\n<figure class=\"wp-block-image size-large\"><a href=\"https:\/\/alpeia.com\/blogs\/divisionae\/wp-content\/blogs.dir\/10\/files\/sites\/10\/2023\/01\/Mision-1-v2-scaled.jpg\"><img loading=\"lazy\" decoding=\"async\" width=\"1024\" height=\"369\" data-id=\"370\" src=\"https:\/\/alpeia.com\/blogs\/divisionae\/wp-content\/blogs.dir\/10\/files\/sites\/10\/2023\/01\/Mision-1-v2-1024x369.jpg\" alt=\"\" class=\"wp-image-370\" srcset=\"https:\/\/alpeia.com\/blogs\/divisionae\/wp-content\/blogs.dir\/10\/files\/sites\/10\/2023\/01\/Mision-1-v2-1024x369.jpg 1024w, https:\/\/alpeia.com\/blogs\/divisionae\/wp-content\/blogs.dir\/10\/files\/sites\/10\/2023\/01\/Mision-1-v2-300x108.jpg 300w, https:\/\/alpeia.com\/blogs\/divisionae\/wp-content\/blogs.dir\/10\/files\/sites\/10\/2023\/01\/Mision-1-v2-768x277.jpg 768w, https:\/\/alpeia.com\/blogs\/divisionae\/wp-content\/blogs.dir\/10\/files\/sites\/10\/2023\/01\/Mision-1-v2-1536x553.jpg 1536w, https:\/\/alpeia.com\/blogs\/divisionae\/wp-content\/blogs.dir\/10\/files\/sites\/10\/2023\/01\/Mision-1-v2-2048x738.jpg 2048w\" sizes=\"auto, (max-width: 1024px) 100vw, 1024px\" \/><\/a><\/figure>\n\n\n\n<figure class=\"wp-block-image size-large\"><a href=\"https:\/\/alpeia.com\/blogs\/divisionae\/wp-content\/blogs.dir\/10\/files\/sites\/10\/2023\/01\/Mision-1-v3-scaled.jpg\"><img loading=\"lazy\" decoding=\"async\" width=\"1024\" height=\"299\" data-id=\"371\" src=\"https:\/\/alpeia.com\/blogs\/divisionae\/wp-content\/blogs.dir\/10\/files\/sites\/10\/2023\/01\/Mision-1-v3-1024x299.jpg\" alt=\"\" class=\"wp-image-371\" srcset=\"https:\/\/alpeia.com\/blogs\/divisionae\/wp-content\/blogs.dir\/10\/files\/sites\/10\/2023\/01\/Mision-1-v3-1024x299.jpg 1024w, https:\/\/alpeia.com\/blogs\/divisionae\/wp-content\/blogs.dir\/10\/files\/sites\/10\/2023\/01\/Mision-1-v3-300x88.jpg 300w, https:\/\/alpeia.com\/blogs\/divisionae\/wp-content\/blogs.dir\/10\/files\/sites\/10\/2023\/01\/Mision-1-v3-768x224.jpg 768w, https:\/\/alpeia.com\/blogs\/divisionae\/wp-content\/blogs.dir\/10\/files\/sites\/10\/2023\/01\/Mision-1-v3-1536x448.jpg 1536w, https:\/\/alpeia.com\/blogs\/divisionae\/wp-content\/blogs.dir\/10\/files\/sites\/10\/2023\/01\/Mision-1-v3-2048x598.jpg 2048w\" sizes=\"auto, (max-width: 1024px) 100vw, 1024px\" \/><\/a><\/figure>\n\n\n\n<figure class=\"wp-block-image size-large\"><a href=\"https:\/\/alpeia.com\/blogs\/divisionae\/wp-content\/blogs.dir\/10\/files\/sites\/10\/2023\/01\/New-York-7.jpg\"><img loading=\"lazy\" decoding=\"async\" width=\"1024\" height=\"548\" data-id=\"372\" src=\"https:\/\/alpeia.com\/blogs\/divisionae\/wp-content\/blogs.dir\/10\/files\/sites\/10\/2023\/01\/New-York-7-1024x548.jpg\" alt=\"\" class=\"wp-image-372\" srcset=\"https:\/\/alpeia.com\/blogs\/divisionae\/wp-content\/blogs.dir\/10\/files\/sites\/10\/2023\/01\/New-York-7-1024x548.jpg 1024w, https:\/\/alpeia.com\/blogs\/divisionae\/wp-content\/blogs.dir\/10\/files\/sites\/10\/2023\/01\/New-York-7-300x160.jpg 300w, https:\/\/alpeia.com\/blogs\/divisionae\/wp-content\/blogs.dir\/10\/files\/sites\/10\/2023\/01\/New-York-7-768x411.jpg 768w, https:\/\/alpeia.com\/blogs\/divisionae\/wp-content\/blogs.dir\/10\/files\/sites\/10\/2023\/01\/New-York-7-1536x821.jpg 1536w, https:\/\/alpeia.com\/blogs\/divisionae\/wp-content\/blogs.dir\/10\/files\/sites\/10\/2023\/01\/New-York-7.jpg 1915w\" sizes=\"auto, (max-width: 1024px) 100vw, 1024px\" \/><\/a><\/figure>\n\n\n\n<figure class=\"wp-block-image size-large\"><a href=\"https:\/\/alpeia.com\/blogs\/divisionae\/wp-content\/blogs.dir\/10\/files\/sites\/10\/2023\/01\/AECorp.jpg\"><img loading=\"lazy\" decoding=\"async\" width=\"1024\" height=\"445\" data-id=\"373\" src=\"https:\/\/alpeia.com\/blogs\/divisionae\/wp-content\/blogs.dir\/10\/files\/sites\/10\/2023\/01\/AECorp-1024x445.jpg\" alt=\"\" class=\"wp-image-373\" srcset=\"https:\/\/alpeia.com\/blogs\/divisionae\/wp-content\/blogs.dir\/10\/files\/sites\/10\/2023\/01\/AECorp-1024x445.jpg 1024w, https:\/\/alpeia.com\/blogs\/divisionae\/wp-content\/blogs.dir\/10\/files\/sites\/10\/2023\/01\/AECorp-300x130.jpg 300w, https:\/\/alpeia.com\/blogs\/divisionae\/wp-content\/blogs.dir\/10\/files\/sites\/10\/2023\/01\/AECorp-768x334.jpg 768w, https:\/\/alpeia.com\/blogs\/divisionae\/wp-content\/blogs.dir\/10\/files\/sites\/10\/2023\/01\/AECorp-1536x668.jpg 1536w, https:\/\/alpeia.com\/blogs\/divisionae\/wp-content\/blogs.dir\/10\/files\/sites\/10\/2023\/01\/AECorp.jpg 1681w\" sizes=\"auto, (max-width: 1024px) 100vw, 1024px\" \/><\/a><\/figure>\n<\/figure>\n","protected":false},"excerpt":{"rendered":"<p>A continuaci\u00f3n ofrecemos unos diagramas con las principales relaciones entre personas y eventos para AECorp. Los organigramas est\u00e1n realizados con la herramienta CmapTool y se ir\u00e1n actualizando a medida que se establezcan m\u00e1s relaciones&#46;&#46;&#46;<\/p>\n","protected":false},"author":5,"featured_media":0,"parent":0,"menu_order":5,"comment_status":"closed","ping_status":"closed","template":"","meta":{"footnotes":""},"class_list":["post-15","page","type-page","status-publish","hentry"],"_links":{"self":[{"href":"https:\/\/alpeia.com\/blogs\/divisionae\/wp-json\/wp\/v2\/pages\/15","targetHints":{"allow":["GET"]}}],"collection":[{"href":"https:\/\/alpeia.com\/blogs\/divisionae\/wp-json\/wp\/v2\/pages"}],"about":[{"href":"https:\/\/alpeia.com\/blogs\/divisionae\/wp-json\/wp\/v2\/types\/page"}],"author":[{"embeddable":true,"href":"https:\/\/alpeia.com\/blogs\/divisionae\/wp-json\/wp\/v2\/users\/5"}],"replies":[{"embeddable":true,"href":"https:\/\/alpeia.com\/blogs\/divisionae\/wp-json\/wp\/v2\/comments?post=15"}],"version-history":[{"count":24,"href":"https:\/\/alpeia.com\/blogs\/divisionae\/wp-json\/wp\/v2\/pages\/15\/revisions"}],"predecessor-version":[{"id":384,"href":"https:\/\/alpeia.com\/blogs\/divisionae\/wp-json\/wp\/v2\/pages\/15\/revisions\/384"}],"wp:attachment":[{"href":"https:\/\/alpeia.com\/blogs\/divisionae\/wp-json\/wp\/v2\/media?parent=15"}],"curies":[{"name":"wp","href":"https:\/\/api.w.org\/{rel}","templated":true}]}}