{"id":13,"date":"2010-07-01T19:51:41","date_gmt":"2010-07-01T17:51:41","guid":{"rendered":"http:\/\/alpeia.com\/blogs\/divisionae\/?page_id=13"},"modified":"2016-02-09T17:11:29","modified_gmt":"2016-02-09T15:11:29","slug":"agentes","status":"publish","type":"page","link":"https:\/\/alpeia.com\/blogs\/divisionae\/agentes\/","title":{"rendered":"Agentes"},"content":{"rendered":"<p><span style=\"text-decoration: underline\"><a href=\"http:\/\/alpeia.com\/blogs\/divisionae\/2010\/07\/18\/dr-jim-parson\/\"><strong>Dr. Jim Parson<\/strong><\/a><\/span><\/p>\n<div>\n<p style=\"text-align: justify\">22.7.1988 (USA) Graduado Matem\u00e1ticas Aplicadas por Harvard (2004) y Doctor en Ciencias de Computaci\u00f3n por el MIT (2006). 2006-2007 Profesor ayudante. MIT, 2009-2010 Recluido en la c\u00e1rcel del condado de Norfolk por delito  inform\u00e1tico y  desde 2010 Ingeniero de sistemas. Departamento de Obras p\u00fablicas.<\/p>\n<ul>\n<li>Sune (esp\u00eda norcoreana)<\/li>\n<li>Recluido en la c\u00e1rcel del condado de Norfolk por delito  inform\u00e1tico<\/li>\n<li>Colabor\u00f3 con la CIA y en vigilancia<\/li>\n<\/ul>\n<p><span style=\"text-decoration: underline\"><strong><a href=\"http:\/\/alpeia.com\/blogs\/divisionae\/2010\/10\/02\/paul-o%e2%80%99sullivan\/\" target=\"_blank\">Paul O&#8217;Sullivan<\/a><\/strong><\/span><\/p>\n<p style=\"text-align: justify\">15\/09\/1970\u00a0 Hollow City (USA) Agente de la Polic\u00eda de Hollow City durante casi 20 a\u00f1os.   Especializado en Armas, Delincuencia Callejera y Conducci\u00f3n. 92% en los test de punter\u00eda y reflejos. Buen instinto para la criminolog\u00eda. Expediente salpicado de problemas de alcohol y disciplinarios. Origen irland\u00e9s.<\/p>\n<ul>\n<li>Recomendado por el Jason Strong (TecnoCorp)<\/li>\n<li>Casado con una hija, actualmente separado.<\/li>\n<li>Hijo de un polic\u00eda fallecido, Frank O\u2019Sullivan, al cual admiraba y  respetaba tanto como padre como polic\u00eda.<\/li>\n<li>Aficiones: Deporte, Cine y Jazz.<\/li>\n<li>Problemas con el alcohol<\/li>\n<\/ul>\n<p><a href=\"http:\/\/alpeia.com\/blogs\/divisionae\/2010\/10\/07\/patrick-van-wyk\/\"><span style=\"text-decoration: underline\"><strong>Patrick van Wyk<\/strong><\/span><\/a><\/p>\n<p style=\"text-align: justify\"><span style=\"color: #000000\">Nacido el 17 de marzo de 1.982 en Kaapstad (Sud\u00e1frica). Doble nacionalidad: sudafricana (padre) y estadounidense (madre). <\/span><span style=\"color: #000000\">Bachelor of Science in Engineering in Electrical &amp; Computer Engineering. <\/span>Master of Science in Information Technology.<\/p>\n<ul>\n<li>Instrucci\u00f3n en el grupo 2 del South African Commando System, bajo la  autoridad del Servicio de Polic\u00eda Sudafricano<\/li>\n<li>Colaboraci\u00f3n con el Departamento de Documentaci\u00f3n e Investigaci\u00f3n de  la Polic\u00eda de Springfield.<\/li>\n<li>Idiomas nativos: afrikaans e ingl\u00e9s.<span style=\"color: #000000\"> Fluido: sotho, alem\u00e1n y espa\u00f1ol. B\u00e1sico: ruso, franc\u00e9s, chino y japon\u00e9s<\/span><\/li>\n<\/ul>\n<p><span style=\"text-decoration: underline\"><a href=\"http:\/\/alpeia.com\/blogs\/divisionae\/2012\/02\/26\/alexander-miles\/\" target=\"_self\"><strong>Alexander Miles<\/strong><\/a><\/span><\/p>\n<div style=\"text-align: justify\">Alexander Miles (Alex), soltero de 42 a\u00f1os.<strong> <\/strong>Excombatiente en las guerras de  Afganist\u00e1n, Irak y El Golfo. Experto en infiltraci\u00f3n en territorio  enemigo, armamento b\u00e1sico y especial y conocimientos tecnol\u00f3gicos  avanzados.<\/div>\n<div>\n<ul>\n<li>Excombatiente, experto en armamento.<\/li>\n<li>Experto en infiltraci\u00f3n.<\/li>\n<li>Cintur\u00f3n negro en Ninjutsu.<\/li>\n<li>Capturado y torturado en Irak.<\/li>\n<li>Trabaj\u00f3 en la CIA.<\/li>\n<li>Informes m\u00e9dicos se\u00f1alan que padece unos accesos violentos cortos  cuando est\u00e1 fuertemente presionado<\/li>\n<li>Informes psicol\u00f3gicos informan de desequilibrios mentales fruto de la presi\u00f3n.<\/li>\n<\/ul>\n<p><span style=\"text-decoration: underline\"><a href=\"http:\/\/alpeia.com\/blogs\/divisionae\/2012\/02\/29\/blind-smoke-malone\/\"><strong>Blind Smoke Malone<\/strong><\/a><\/span><\/p>\n<p style=\"text-align: justify\"><span>Edad desconocida (<\/span><span>Legal 41), c<\/span><span>omplexi\u00f3n atl\u00e9tica y a<\/span><span>ltura: 1.85cm.<\/span> Pasado: Desconocido. Un misterio. Aventurero   e investigador de lo oculto.  Posee conocimientos y la capacidad de   desenvolverse con soltura en los  ambientes mas peligrosos.<\/p>\n<p style=\"text-align: justify\">Blind  Smoke Malone es un inmigrante sin  papeles del que nadie conoce su  verdadero pasado. Los primeros que le recuerdan nos hablan  de un   joven lozano de origen mediterr\u00e1neo, buena planta, moreno, de  pelo algo  rizado, cejas pobladas y patillas largas y generosas.<\/p>\n<ul>\n<li>Car\u00e1cter reservado<\/li>\n<li>Trabaj\u00f3 como m\u00fasico de Blues<\/li>\n<li>Colabor\u00f3 en casos dif\u00edciles con la polic\u00eda<\/li>\n<li>Capacidades singulares heredadas de una familiar gitana  poseedora del \u201cdon\u201d<\/li>\n<\/ul>\n<\/div>\n<\/div>\n","protected":false},"excerpt":{"rendered":"<p>Dr. Jim Parson 22.7.1988 (USA) Graduado Matem\u00e1ticas Aplicadas por Harvard (2004) y Doctor en Ciencias de Computaci\u00f3n por el MIT (2006). 2006-2007 Profesor ayudante. MIT, 2009-2010 Recluido en la c\u00e1rcel del condado de Norfolk&#46;&#46;&#46;<\/p>\n","protected":false},"author":5,"featured_media":0,"parent":0,"menu_order":3,"comment_status":"closed","ping_status":"closed","template":"","meta":{"footnotes":""},"class_list":["post-13","page","type-page","status-publish","hentry"],"_links":{"self":[{"href":"https:\/\/alpeia.com\/blogs\/divisionae\/wp-json\/wp\/v2\/pages\/13","targetHints":{"allow":["GET"]}}],"collection":[{"href":"https:\/\/alpeia.com\/blogs\/divisionae\/wp-json\/wp\/v2\/pages"}],"about":[{"href":"https:\/\/alpeia.com\/blogs\/divisionae\/wp-json\/wp\/v2\/types\/page"}],"author":[{"embeddable":true,"href":"https:\/\/alpeia.com\/blogs\/divisionae\/wp-json\/wp\/v2\/users\/5"}],"replies":[{"embeddable":true,"href":"https:\/\/alpeia.com\/blogs\/divisionae\/wp-json\/wp\/v2\/comments?post=13"}],"version-history":[{"count":21,"href":"https:\/\/alpeia.com\/blogs\/divisionae\/wp-json\/wp\/v2\/pages\/13\/revisions"}],"predecessor-version":[{"id":315,"href":"https:\/\/alpeia.com\/blogs\/divisionae\/wp-json\/wp\/v2\/pages\/13\/revisions\/315"}],"wp:attachment":[{"href":"https:\/\/alpeia.com\/blogs\/divisionae\/wp-json\/wp\/v2\/media?parent=13"}],"curies":[{"name":"wp","href":"https:\/\/api.w.org\/{rel}","templated":true}]}}