{"id":10,"date":"2010-07-01T19:46:45","date_gmt":"2010-07-01T17:46:45","guid":{"rendered":"http:\/\/alpeia.com\/blogs\/divisionae\/?page_id=10"},"modified":"2023-01-21T12:49:52","modified_gmt":"2023-01-21T10:49:52","slug":"aecorp","status":"publish","type":"page","link":"https:\/\/alpeia.com\/blogs\/divisionae\/aecorp\/","title":{"rendered":"Corporaci\u00f3n"},"content":{"rendered":"\n<p>AECorp es una agencia gubernamental estructurada funcionalmente en cinco \u00e1reas (ciencia, combate, inteligencia, seguridad, tecnolog\u00eda) y gestionada como una corporaci\u00f3n independiente dedicada a la investigaci\u00f3n. Un Comit\u00e9 Directivo se encarga de gestionar los recursos y dirigir los objetivos de la organizaci\u00f3n.<\/p>\n\n\n\n<p>Los agentes especiales de AECorp se estructuran en Divisiones ubicadas en diferentes sedes por todo el mundo llamadas Centrales. Cada Divisi\u00f3n dispone de un Director General que es el enlace directo con el Comit\u00e9. En cada Divisi\u00f3n cooperan diferentes especialistas liderados por un Director de \u00c1rea.<\/p>\n\n\n\n<figure class=\"wp-block-image size-full\"><a href=\"http:\/\/alpeia.com\/blogs\/divisionae\/wp-content\/blogs.dir\/10\/files\/sites\/10\/2023\/01\/estructura1.png\"><img loading=\"lazy\" decoding=\"async\" width=\"684\" height=\"208\" src=\"http:\/\/alpeia.com\/blogs\/divisionae\/wp-content\/blogs.dir\/10\/files\/sites\/10\/2023\/01\/estructura1.png\" alt=\"\" class=\"wp-image-365\" srcset=\"https:\/\/alpeia.com\/blogs\/divisionae\/wp-content\/blogs.dir\/10\/files\/sites\/10\/2023\/01\/estructura1.png 684w, https:\/\/alpeia.com\/blogs\/divisionae\/wp-content\/blogs.dir\/10\/files\/sites\/10\/2023\/01\/estructura1-300x91.png 300w\" sizes=\"auto, (max-width: 684px) 100vw, 684px\" \/><\/a><\/figure>\n\n\n\n<p><\/p>\n\n\n\n<p>El personal de agrupa en Unidades independientemente de su \u00c1rea de origen bajo el mando de un Director Jefe.\u00a0 A su vez, es habitual que los Directores Jefe estructuran a su personal en diferentes equipos para el desempe\u00f1o de tareas independientes aunque cooperen ocasionalmente con otros Equipos a nivel de Unidad.<\/p>\n\n\n\n<figure class=\"wp-block-image size-full\"><a href=\"http:\/\/alpeia.com\/blogs\/divisionae\/wp-content\/blogs.dir\/10\/files\/sites\/10\/2023\/01\/estructura2.png\"><img loading=\"lazy\" decoding=\"async\" width=\"142\" height=\"205\" src=\"http:\/\/alpeia.com\/blogs\/divisionae\/wp-content\/blogs.dir\/10\/files\/sites\/10\/2023\/01\/estructura2.png\" alt=\"\" class=\"wp-image-366\"\/><\/a><\/figure>\n","protected":false},"excerpt":{"rendered":"<p>AECorp es una agencia gubernamental estructurada funcionalmente en cinco \u00e1reas (ciencia, combate, inteligencia, seguridad, tecnolog\u00eda) y gestionada como una corporaci\u00f3n independiente dedicada a la investigaci\u00f3n. Un Comit\u00e9 Directivo se encarga de gestionar los recursos&#46;&#46;&#46;<\/p>\n","protected":false},"author":5,"featured_media":0,"parent":0,"menu_order":1,"comment_status":"closed","ping_status":"closed","template":"","meta":{"footnotes":""},"class_list":["post-10","page","type-page","status-publish","hentry"],"_links":{"self":[{"href":"https:\/\/alpeia.com\/blogs\/divisionae\/wp-json\/wp\/v2\/pages\/10","targetHints":{"allow":["GET"]}}],"collection":[{"href":"https:\/\/alpeia.com\/blogs\/divisionae\/wp-json\/wp\/v2\/pages"}],"about":[{"href":"https:\/\/alpeia.com\/blogs\/divisionae\/wp-json\/wp\/v2\/types\/page"}],"author":[{"embeddable":true,"href":"https:\/\/alpeia.com\/blogs\/divisionae\/wp-json\/wp\/v2\/users\/5"}],"replies":[{"embeddable":true,"href":"https:\/\/alpeia.com\/blogs\/divisionae\/wp-json\/wp\/v2\/comments?post=10"}],"version-history":[{"count":11,"href":"https:\/\/alpeia.com\/blogs\/divisionae\/wp-json\/wp\/v2\/pages\/10\/revisions"}],"predecessor-version":[{"id":377,"href":"https:\/\/alpeia.com\/blogs\/divisionae\/wp-json\/wp\/v2\/pages\/10\/revisions\/377"}],"wp:attachment":[{"href":"https:\/\/alpeia.com\/blogs\/divisionae\/wp-json\/wp\/v2\/media?parent=10"}],"curies":[{"name":"wp","href":"https:\/\/api.w.org\/{rel}","templated":true}]}}