{"id":67,"date":"2013-11-12T18:00:00","date_gmt":"2013-11-12T16:00:00","guid":{"rendered":"http:\/\/alpeia.com\/blogs\/cronicasdecarabas\/?page_id=67"},"modified":"2013-11-15T16:29:04","modified_gmt":"2013-11-15T14:29:04","slug":"mapa-de-la-ciudad-de-carabas","status":"publish","type":"page","link":"https:\/\/alpeia.com\/blogs\/cronicasdecarabas\/lugares\/mapa-de-la-ciudad-de-carabas\/","title":{"rendered":"La Ciudad de Carab\u00e1s"},"content":{"rendered":"<div id=\"attachment_72\" style=\"width: 222px\" class=\"wp-caption alignleft\"><a href=\"http:\/\/alpeia.com\/blogs\/cronicasdecarabas\/files\/2013\/11\/Mapa-de-zonas-Carabas-menor.jpg\"><img loading=\"lazy\" decoding=\"async\" aria-describedby=\"caption-attachment-72\" class=\"size-medium wp-image-72  \" title=\"Mapa de la Ciudad de Carab\u00e1s\" alt=\"Mapa de zonas Carabas\" src=\"http:\/\/alpeia.com\/blogs\/cronicasdecarabas\/files\/2013\/11\/Mapa-de-zonas-Carabas-menor-212x300.jpg\" width=\"212\" height=\"300\" \/><\/a><p id=\"caption-attachment-72\" class=\"wp-caption-text\">Mapa de la Ciudad de Carab\u00e1s<br \/>Pincha en la imagen para agrandarla<\/p><\/div>\n<p>Este es el mapa de la <strong>Ciudad de Carab\u00e1s<\/strong>, con la separaci\u00f3n de los distintos barrios y\u00a0\u00a0\u00a0 distritos.<\/p>\n<p>La ciudad posee una poderosa y antiquisima muralla en su lado norte, desde Los Pe\u00f1ascos hasta la parte mas escarpada de la Monta\u00f1a Rascona. La propia Manta\u00f1a Rascona hace de muralla en el lado Este, al igual que las monta\u00f1as Corona de la Marquesa sirven de protecci\u00f3n en el Sur. El valle que queda entre las dos monta\u00f1as lo bloquea una muralla identica en aspecto a su hermana norte\u00f1a. Esta muralla sureste posee la puerta trasera de Carab\u00e1s, que da acceso a las selvas y monta\u00f1as poco exploradas.<\/p>\n<p>El acceso principal\u00a0 a la ciudad es la <strong>Puerta de las Esfinges<\/strong>, de grandes dimensiones y flanqueada por dos inmensas esculturas de esfinges talladas en piedra blanca. Como el resto de la ciudad, es un misterio quien las construy\u00f3, pero en sus bases se puede leer, en un ancestral Adunaico, \u00abElisealia\u00bb y \u00abDestinalia\u00bb respectivamente. De forma t\u00e1cita, se supone que estos deben de ser los nombres de las estatuas y los seres que representan.<\/p>\n<p>La puerta da acceso a la plaza de entrada, la <strong>Plaza de los Heroes<\/strong>. La historia cuenta que aqui tuvo lugar la batalla en la que los heroes vencieron a las fuerzas del mal y liberaron la ciudad. Para conmemorar este acto, la propia Marquesa encarg\u00f3 la contrucci\u00f3n de una gran estatua que representa a los heroes Crom, Pirotess y Vespero, en actitud desafiante mirando hacia la puerta y con un anfora derretida a sus pies. Las leyendas cuentan que el \u00e1nfora de la estatua es la propia \u00e1nfora que decidi\u00f3 el combate hace mas de 20 a\u00f1os y se supone hecha de Kregora, por lo que los magos no suelen acercarse al centro de la plaza&#8230;<\/p>\n<p>Rodeando la plaza encontramos el <strong>distrito comercial<\/strong> mas turistico y popular. Al encontrarse tan cerca de la entrada, esta zona es la carta de presentaci\u00f3n de la ciudad y por ello es muy colorida y llamativa, con edificios peque\u00f1os de poca altura y multitud de distintos estilos arquitectonicos, dando un efecto de cuento de fantasia al barrio. Casi todos los edificios son tiendas peque\u00f1as que venden todo tipo de productos. Cualquier visitante o habitante de la ciudad puede adquirir (o verder) casi cualquier producto que desee simplemente buscando la tienda adecuada en sus <strong>\u00abFilibusterias\u00bb<\/strong>.\u00a0 Y si no encuentra la tienda o prefiere un trato mas cl\u00e1sico, siempre se puede pasar por el <strong>mercadillo<\/strong> que se monta todas las ma\u00f1anas en el lado oeste del barrio,\u00a0 justo al lado de los almacenes centrales.<\/p>\n<p>Los <strong>almacenes centrales<\/strong> guardan toda la mercancia que viene del puerto y se debe distrubuir a la tiendas o debe enviarse por caravanas hacia el norte. Tambi\u00e9n se guardan aqui, temporalmente, todas las mercancias que no quepan en los almacenes del puerto hasta que embarque. En este gigantesto conjunto de almacenes trabajan muchos habitantes de Carab\u00e1s, sobretodo los que viven cerca, en los barrios de Pocotifer y Los pe\u00f1ascos.<\/p>\n<p>Los <strong>Barrios de Pocotifer<\/strong> y <strong>Los Pe\u00f1ascos<\/strong> son zonas residenciales repletas de bullicio y actividad. Ambas zonas son muy seguras dada la proximidad de los Cuarteles Mayores.<\/p>\n<p>Los <strong>Cuarteles Mayores<\/strong> sirven de campo de adiestramiento para los futuros reclutas de la guardia de la ciudad y como carcel de Carab\u00e1s. Se supone que, cuando la guardia se haya creado y sea estable, tambi\u00e9n servira de base para el futuro ejercito de Carab\u00e1s.<\/p>\n<p><strong>Los Pe\u00f1ascos<\/strong> no es mas que un conjunto de rocas enormes, que forman un acantilado escabroso y escarpado. No es raro que en los barrios de Los Pe\u00f1ascos y Puertope\u00f1asco ocurran algunos desprendimientos leves que en alguna ocasi\u00f3n han causado heridas a alg\u00fan transeunte, pero actualmente un grupo de zapadores mantiene la zona segura para evitarlo.<\/p>\n<p>El <strong>Barrio de Puertope\u00f1asco<\/strong> es una zona peligrosa. En todas las ciudades hay maleantes y suburbios, lugares donde el contrabando y los crimenes menores estan a la orden del d\u00eda y en ocasiones se producen incidentes graves. La buena gente de Carab\u00e1s trata de evitar esta zona, pero la mayoria de marineros que hacen escala en los puertos gustan de pasar un tiempo en sus calles y antros, para encontrar diversi\u00f3n y gangas a muy buen precio.<\/p>\n<p>La <strong>Avenida Elisealia<\/strong> tiene una inclinaci\u00f3n ascendente hasta la <strong>Plaza de Carab\u00e1s<\/strong>, y esta flanqueada por numerosas tiendas en su parte norte, mas cerca a la entrada de la ciudad, y por lujosas casas peque\u00f1as en su extremo sur. Justo en el centro de esta Avenida se encuentra el <strong>Teatro Marchise<\/strong>, de reciente construcci\u00f3n que albergar\u00e1 todo tipo de representaciones.<\/p>\n<p>Entre la Avenida Elisealia y la Monta\u00f1a Rascona se encuentran los <strong>Barrios de Las esfinges<\/strong> y <strong>Barrio de La monta\u00f1a Rascona<\/strong>. Estos barrios residenciales son muy tranquilos y silenciosos, y son los preferidos por los visitantes que quieren descansar bien por las noches, por lo que est\u00e1n repletos de posadas y postas.<\/p>\n<p>Entre estos dos barrios se encuentra la <strong>Gran Biblioteca Destinalia<\/strong>, que actualmente no cuenta con demasiado contenido, pero que crece a un ritmo muy rapido, importando conocimiento de todo el mundo y creando obras propias, como la gran obra <strong>\u00abLas Cr\u00f3nicas de Carab\u00e1s\u00bb<\/strong>, que a\u00fan en construcci\u00f3n consta de varios vol\u00famenes.<\/p>\n<p>Al sur de estos barrios se encuentra el <strong>Burgo del Este,<\/strong> una zona residencial para los habitantes\u00a0 que han hecho fortuna a base de trabajo y negocios. La mayoria de sus habitantes forman parte de los primeros colonos o son extranjeros que han reunido su fortuna para empezar una nueva vida lejos del Noroeste.<\/p>\n<p>La zona central que comprende el <strong>Palacio de la Marquesa<\/strong> y las mansiones que la rodean se encuentra sobre una leve colina, de forma que la parte habitable de la ciudad es una cuenca en forma de circulo y la extensi\u00f3n llana mas grande es la oeste, desde la Colina hasta el puerto. El Palacio es una construcci\u00f3n enorme, que ya existia tal y como lo conocemos ahora en los tiempos de la fundaci\u00f3n de Carab\u00e1s y la Victoria de los H\u00e9roes. A\u00fan despues de mas de 20 a\u00f1os de exploraci\u00f3n, se cree que a\u00fan hay pasadizos y habitaciones por descubrir, y las leyendas populares dicen que el propio edificio cambia cada noche.<\/p>\n<p>El palacio rodea la Plaza de Carab\u00e1s, un jard\u00edn p\u00fablico en el que la gente se reune para escuchar a la Marquesa en las celebraciones. En el centro de la plaza se hallan las <strong>Fuentes de Leche y Miel<\/strong>, que magicamente proveen de estos alimentos a los numerosos habitantes que vienen a llena sus anforas y a los turistas que quieren llevarse un original recuerdo de la ciudad.<\/p>\n<p>Justo en la entrada a la Plaza de Carab\u00e1s se encuentran los edificios administrativos de la <strong>Archiveria<\/strong> y el <strong>Estado Mayor<\/strong>. Este \u00faltimo alberga el <strong>Gremio de Mercenarios<\/strong>, que se ocupa de contratar aventureros y mercenarios para mantener el orden y el control de la ley en la ciudad. Actualmente, con la puesta en marcha de la Guaria de Carab\u00e1s, este Gremio se mantendr\u00e1 como apoyo a las fuerzas del orden y equipos de emergencia.<\/p>\n<p>Al sur del palacio, tras la colina, se encuentran los <strong>Barrios de la Ribera<\/strong> y <strong>La Colina<\/strong>, separados por el majestuoso <strong>Templo de A\u00fcle<\/strong>. Estos barrios son los mas comopolitas y mezclan todo tipo de culturas y tradiciones.<\/p>\n<p>Al sur del barrio de La Colina se encuentra el <strong>Distrito Enano<\/strong>. Este es un barrio muy peculiar, ya que casi la totalidad de sus habitantes son enanos, y se rigen por un sistema de gobierno propio como si se tratara de un pueblo separado de Carab\u00e1s. Este gobierno es una marca mas del separatismo y oscurantismo de los enanos, aunque gracias a las buenas relaciones del Mayor Enano con la Marquesa, no es mas que una anecdota mas que sumar a las excentricidades de este pueblo. De hecho, las relaciones son tan buenas que son los enanos de este distrito los encargados de vigilar y controlar el paso de la <strong>Puerta del Sur<\/strong>, sin duda el mas peligroso de los lugares de Carab\u00e1s. S\u00f3lo los exploradores mas locos y los cazadores mas expertos cruzan esta puerta para explorar las selvas y montes del Sur, aunque gracias a ellos cada vez se conoce mas de estas regiones.<\/p>\n<p>Al sur del Barrio de la Ribera se encuentra la <strong>zona industrial<\/strong>, casi exclusivamente a la otra orilla del <strong>Rio Tifer<\/strong>. Desde el rio hasta las monta\u00f1as de la Corona de la Marquesa se ubican fabricas, refinerias, minas y canteras, que extraen la materia prima de las entra\u00f1as de la tierra y la transforman en materiales que la ciudad precisa. Nadie vive en esta zona y por la noche esta desierta a excepci\u00f3n de los guardias que vigilan cada edificio.<\/p>\n<p>Tambi\u00e9n al otro lado del Rio Tifer, hacia el oeste, encontramos en primer lugar el <strong>Distrito de los Artesanos<\/strong>, un curioso y complejo laberinto de callejuelas repletas de talleres de artesanos, peque\u00f1os comercios y zocos en los que perderse y dejar pasar el tiempo, empapandose del buen hacer de los maestros y de la alegria de sus aprendices.<\/p>\n<p>Y en el extremo oeste encontramos la salida al mar de Carab\u00e1s, el <strong>Puerto de Carab\u00e1s<\/strong>. Este es un enorme complejo de almacen\u00e9s y oficinas que gestionan el importantisimo y voluminoso trafico de mercancias maritimo de la ciudad, tanto en importaci\u00f3n como en exportaci\u00f3n. Dado que Carab\u00e1s esta relativamente lejos de las regiones del Noroeste, los <strong>astilleros<\/strong> son de vital importancia a la hora de conseguir una flota mercante numerosa y poder reparar los barcos que se reciben en el puerto. Muchas de las grandes fortunas de Carab\u00e1s se han creado en este puerto y las rutas maritimas que representa.<\/p>\n","protected":false},"excerpt":{"rendered":"<p>Este es el mapa de la Ciudad de Carab\u00e1s, con la separaci\u00f3n de los distintos barrios y\u00a0\u00a0\u00a0 distritos. La ciudad posee una poderosa y antiquisima muralla en su lado norte, desde Los Pe\u00f1ascos hasta&#46;&#46;&#46;<\/p>\n","protected":false},"author":13,"featured_media":0,"parent":6,"menu_order":0,"comment_status":"open","ping_status":"open","template":"no_sidebar.php","meta":{"footnotes":""},"class_list":["post-67","page","type-page","status-publish","hentry"],"_links":{"self":[{"href":"https:\/\/alpeia.com\/blogs\/cronicasdecarabas\/wp-json\/wp\/v2\/pages\/67","targetHints":{"allow":["GET"]}}],"collection":[{"href":"https:\/\/alpeia.com\/blogs\/cronicasdecarabas\/wp-json\/wp\/v2\/pages"}],"about":[{"href":"https:\/\/alpeia.com\/blogs\/cronicasdecarabas\/wp-json\/wp\/v2\/types\/page"}],"author":[{"embeddable":true,"href":"https:\/\/alpeia.com\/blogs\/cronicasdecarabas\/wp-json\/wp\/v2\/users\/13"}],"replies":[{"embeddable":true,"href":"https:\/\/alpeia.com\/blogs\/cronicasdecarabas\/wp-json\/wp\/v2\/comments?post=67"}],"version-history":[{"count":11,"href":"https:\/\/alpeia.com\/blogs\/cronicasdecarabas\/wp-json\/wp\/v2\/pages\/67\/revisions"}],"predecessor-version":[{"id":131,"href":"https:\/\/alpeia.com\/blogs\/cronicasdecarabas\/wp-json\/wp\/v2\/pages\/67\/revisions\/131"}],"up":[{"embeddable":true,"href":"https:\/\/alpeia.com\/blogs\/cronicasdecarabas\/wp-json\/wp\/v2\/pages\/6"}],"wp:attachment":[{"href":"https:\/\/alpeia.com\/blogs\/cronicasdecarabas\/wp-json\/wp\/v2\/media?parent=67"}],"curies":[{"name":"wp","href":"https:\/\/api.w.org\/{rel}","templated":true}]}}