{"id":415,"date":"2014-07-17T11:19:49","date_gmt":"2014-07-17T09:19:49","guid":{"rendered":"http:\/\/alpeia.com\/blogs\/cronicasdecarabas\/?page_id=415"},"modified":"2014-07-17T11:19:49","modified_gmt":"2014-07-17T09:19:49","slug":"lauritz-mathiasen-el-raro-alquimista","status":"publish","type":"page","link":"https:\/\/alpeia.com\/blogs\/cronicasdecarabas\/personajes\/prueba-2\/lauritz-mathiasen-el-raro-alquimista\/","title":{"rendered":"Lauritz Mathiasen, el raro alquimista"},"content":{"rendered":"<p>Lauritz Mathiasen no es extra\u00f1o, es raro. Es mas joven de lo que aparenta, pero al no cuidar en absoluto su aspecto a pesar de ir siempre muy limpio, da una sensaci\u00f3n de sabio loco muy cl\u00e1sica. Siempre viste una t\u00fanica blanca con multitud de bolsillos y algunos refuerzos de cuero, unas botas extra\u00f1amente pesadas y unas gafas multiusos, con multitud de lentes intercambiables. Su cara y las partes de piel que se ven est\u00e1n repletas de cicatrices, quemaduras y ara\u00f1azos.<\/p>\n<p>A pesar de que sus dotes sociales dejan mucho que desear, ya que siempre hablas tartamudeando y evita el contacto visual cuando se acuerda, el consejo de la Universidad de Jack le ha nombrado Relaciones P\u00fablicas. \u00c9l no esta muy contento con el puesto y cree que es alg\u00fan tipo de castigo, ya que los alquimistas est\u00e1n vistos como magos de segunda categor\u00eda en la Universidad. En cuanto conoci\u00f3 a los j\u00f3venes h\u00e9roes, vio el cielo abierto y decidi\u00f3 ocuparse del problema de Carab\u00e1s personalmente para poder abandonar la Universidad sin deshonor, y seguir trabajando en sus inventos.<\/p>\n<p>Es admirador a ultranza\u00a0del Profesor Talk, abuelo de Lancia, y cuando descubri\u00f3 este hecho se ilusiono tanto que aprovecha cualquier ocasi\u00f3n para hablarle a la propia Lancia de lo magnifico que es su abuelo.<\/p>\n<p>Sus objetos alqu\u00edmicos parecer usar la magia de un modo distinto a la tradicional, mezclando el poder m\u00e1gico y los ingenios mec\u00e1nicos y qu\u00edmicos.<\/p>\n","protected":false},"excerpt":{"rendered":"<p>Lauritz Mathiasen no es extra\u00f1o, es raro. Es mas joven de lo que aparenta, pero al no cuidar en absoluto su aspecto a pesar de ir siempre muy limpio, da una sensaci\u00f3n de sabio&#46;&#46;&#46;<\/p>\n","protected":false},"author":13,"featured_media":0,"parent":54,"menu_order":0,"comment_status":"open","ping_status":"open","template":"","meta":{"footnotes":""},"class_list":["post-415","page","type-page","status-publish","hentry"],"_links":{"self":[{"href":"https:\/\/alpeia.com\/blogs\/cronicasdecarabas\/wp-json\/wp\/v2\/pages\/415","targetHints":{"allow":["GET"]}}],"collection":[{"href":"https:\/\/alpeia.com\/blogs\/cronicasdecarabas\/wp-json\/wp\/v2\/pages"}],"about":[{"href":"https:\/\/alpeia.com\/blogs\/cronicasdecarabas\/wp-json\/wp\/v2\/types\/page"}],"author":[{"embeddable":true,"href":"https:\/\/alpeia.com\/blogs\/cronicasdecarabas\/wp-json\/wp\/v2\/users\/13"}],"replies":[{"embeddable":true,"href":"https:\/\/alpeia.com\/blogs\/cronicasdecarabas\/wp-json\/wp\/v2\/comments?post=415"}],"version-history":[{"count":1,"href":"https:\/\/alpeia.com\/blogs\/cronicasdecarabas\/wp-json\/wp\/v2\/pages\/415\/revisions"}],"predecessor-version":[{"id":416,"href":"https:\/\/alpeia.com\/blogs\/cronicasdecarabas\/wp-json\/wp\/v2\/pages\/415\/revisions\/416"}],"up":[{"embeddable":true,"href":"https:\/\/alpeia.com\/blogs\/cronicasdecarabas\/wp-json\/wp\/v2\/pages\/54"}],"wp:attachment":[{"href":"https:\/\/alpeia.com\/blogs\/cronicasdecarabas\/wp-json\/wp\/v2\/media?parent=415"}],"curies":[{"name":"wp","href":"https:\/\/api.w.org\/{rel}","templated":true}]}}