{"id":412,"date":"2014-07-17T11:09:35","date_gmt":"2014-07-17T09:09:35","guid":{"rendered":"http:\/\/alpeia.com\/blogs\/cronicasdecarabas\/?page_id=412"},"modified":"2014-07-17T11:09:44","modified_gmt":"2014-07-17T09:09:44","slug":"harry-tinkerer-el-mago-bromista","status":"publish","type":"page","link":"https:\/\/alpeia.com\/blogs\/cronicasdecarabas\/personajes\/prueba-2\/harry-tinkerer-el-mago-bromista\/","title":{"rendered":"Harry Tinkerer, el mago bromista"},"content":{"rendered":"<p>Harry Tinkerer es un joven y alocado estudiante de mago de la Universidad de Jack. Se nota que pasa mas tiempo haciendo deporte que estudiando magia, y es consciente de que su actitud bromista y despreocupada puede acabar por expulsarlo de la Universidad en cualquier momento. Pero eso a \u00e9l no le importa, pues su sue\u00f1o es llegar a ser un mago aventurero errante, ayudando a la gente, visitando tierras lejanas, ganando fabulosos tesoros y seduciendo a multitud de chicas guapas.<\/p>\n<p>Le gustan en exceso las mujeres, al parecer todas ellas y no es de extra\u00f1ar que Lancia le haya llamado la atenci\u00f3n en cuanto la vio, y siempre que puede se le insin\u00faa de forma mas bien soez y demasiado evidente. Curiosamente tambi\u00e9n hace buenas migas con Frank, a quien tacha de \u00abcolega\u00bb, sin dejar de caerle bien al resto del grupo.<\/p>\n<p>La propia Lancia le convenci\u00f3 para acompa\u00f1arles en su aventura para resolver el problema de los bandidos, y aunque acab\u00f3 un tanto malparado, al final pareci\u00f3 convertirse en una pieza importante en el rescate de los aldeanos. Este hecho parece haber cambiado algo en el interior de Harry&#8230; quiz\u00e1s le ha picado el gusanillo de las aventuras.<\/p>\n","protected":false},"excerpt":{"rendered":"<p>Harry Tinkerer es un joven y alocado estudiante de mago de la Universidad de Jack. Se nota que pasa mas tiempo haciendo deporte que estudiando magia, y es consciente de que su actitud bromista&#46;&#46;&#46;<\/p>\n","protected":false},"author":13,"featured_media":0,"parent":54,"menu_order":0,"comment_status":"open","ping_status":"open","template":"","meta":{"footnotes":""},"class_list":["post-412","page","type-page","status-publish","hentry"],"_links":{"self":[{"href":"https:\/\/alpeia.com\/blogs\/cronicasdecarabas\/wp-json\/wp\/v2\/pages\/412","targetHints":{"allow":["GET"]}}],"collection":[{"href":"https:\/\/alpeia.com\/blogs\/cronicasdecarabas\/wp-json\/wp\/v2\/pages"}],"about":[{"href":"https:\/\/alpeia.com\/blogs\/cronicasdecarabas\/wp-json\/wp\/v2\/types\/page"}],"author":[{"embeddable":true,"href":"https:\/\/alpeia.com\/blogs\/cronicasdecarabas\/wp-json\/wp\/v2\/users\/13"}],"replies":[{"embeddable":true,"href":"https:\/\/alpeia.com\/blogs\/cronicasdecarabas\/wp-json\/wp\/v2\/comments?post=412"}],"version-history":[{"count":1,"href":"https:\/\/alpeia.com\/blogs\/cronicasdecarabas\/wp-json\/wp\/v2\/pages\/412\/revisions"}],"predecessor-version":[{"id":413,"href":"https:\/\/alpeia.com\/blogs\/cronicasdecarabas\/wp-json\/wp\/v2\/pages\/412\/revisions\/413"}],"up":[{"embeddable":true,"href":"https:\/\/alpeia.com\/blogs\/cronicasdecarabas\/wp-json\/wp\/v2\/pages\/54"}],"wp:attachment":[{"href":"https:\/\/alpeia.com\/blogs\/cronicasdecarabas\/wp-json\/wp\/v2\/media?parent=412"}],"curies":[{"name":"wp","href":"https:\/\/api.w.org\/{rel}","templated":true}]}}