{"id":406,"date":"2014-07-17T10:47:34","date_gmt":"2014-07-17T08:47:34","guid":{"rendered":"http:\/\/alpeia.com\/blogs\/cronicasdecarabas\/?page_id=406"},"modified":"2014-07-17T10:47:34","modified_gmt":"2014-07-17T08:47:34","slug":"delano-ankito-general-de-las-fuerzas-de-carabas","status":"publish","type":"page","link":"https:\/\/alpeia.com\/blogs\/cronicasdecarabas\/personajes\/prueba-2\/delano-ankito-general-de-las-fuerzas-de-carabas\/","title":{"rendered":"Delano Ankito, General de las fuerzas de Carab\u00e1s"},"content":{"rendered":"<p>Por ahora, solo Yamu ha visto en persona al General Ankito. Es un hombre mayor, de 68 a\u00f1os, que a\u00fan conserva una buena forma f\u00edsica, aunque es evidente que no seria de mucha ayuda en un campo de batalla como combatiente. Debido a su abultada experiencia como mercenario a las ordenes de varios Jerifes, entre ellos el propio Al-Bassid, y a su carrera como guarda de caravanas, se ha ganado el derecho a ser el general en jefe de las fuerzas armadas de Carab\u00e1s.<\/p>\n<p>Es de la etnia Haradrim, la cara llena de marcas, cicatrices y arrugas, tiene una barba corta frondosa y el pelo con multitud de canas.<\/p>\n<p>Tanto \u00e9l como su mujer Jasmina tienen un sentimiento de lealtad y deuda con Carab\u00e1s, pero mas personalmente con los Grandes Heroes y la propia Marquesa, aunque no est\u00e1n muy seguros de porque. Delano fue uno de los habitantes de Carab\u00e1s que entraron con los Grandes H\u00e9roes en su refundaci\u00f3n, lo que en Carab\u00e1s se llaman Legados.<\/p>\n<p>&nbsp;<\/p>\n","protected":false},"excerpt":{"rendered":"<p>Por ahora, solo Yamu ha visto en persona al General Ankito. Es un hombre mayor, de 68 a\u00f1os, que a\u00fan conserva una buena forma f\u00edsica, aunque es evidente que no seria de mucha ayuda&#46;&#46;&#46;<\/p>\n","protected":false},"author":13,"featured_media":0,"parent":54,"menu_order":0,"comment_status":"open","ping_status":"open","template":"","meta":{"footnotes":""},"class_list":["post-406","page","type-page","status-publish","hentry"],"_links":{"self":[{"href":"https:\/\/alpeia.com\/blogs\/cronicasdecarabas\/wp-json\/wp\/v2\/pages\/406","targetHints":{"allow":["GET"]}}],"collection":[{"href":"https:\/\/alpeia.com\/blogs\/cronicasdecarabas\/wp-json\/wp\/v2\/pages"}],"about":[{"href":"https:\/\/alpeia.com\/blogs\/cronicasdecarabas\/wp-json\/wp\/v2\/types\/page"}],"author":[{"embeddable":true,"href":"https:\/\/alpeia.com\/blogs\/cronicasdecarabas\/wp-json\/wp\/v2\/users\/13"}],"replies":[{"embeddable":true,"href":"https:\/\/alpeia.com\/blogs\/cronicasdecarabas\/wp-json\/wp\/v2\/comments?post=406"}],"version-history":[{"count":1,"href":"https:\/\/alpeia.com\/blogs\/cronicasdecarabas\/wp-json\/wp\/v2\/pages\/406\/revisions"}],"predecessor-version":[{"id":407,"href":"https:\/\/alpeia.com\/blogs\/cronicasdecarabas\/wp-json\/wp\/v2\/pages\/406\/revisions\/407"}],"up":[{"embeddable":true,"href":"https:\/\/alpeia.com\/blogs\/cronicasdecarabas\/wp-json\/wp\/v2\/pages\/54"}],"wp:attachment":[{"href":"https:\/\/alpeia.com\/blogs\/cronicasdecarabas\/wp-json\/wp\/v2\/media?parent=406"}],"curies":[{"name":"wp","href":"https:\/\/api.w.org\/{rel}","templated":true}]}}