{"id":302,"date":"2014-04-09T13:49:12","date_gmt":"2014-04-09T11:49:12","guid":{"rendered":"http:\/\/alpeia.com\/blogs\/cronicasdecarabas\/?page_id=302"},"modified":"2014-04-09T13:52:07","modified_gmt":"2014-04-09T11:52:07","slug":"la-tripulacion-del-crines-de-espuma","status":"publish","type":"page","link":"https:\/\/alpeia.com\/blogs\/cronicasdecarabas\/personajes\/prueba-2\/la-tripulacion-del-crines-de-espuma\/","title":{"rendered":"La tripulaci\u00f3n del \u00abCrines de Espuma\u00bb"},"content":{"rendered":"<p><em>La tripulaci\u00f3n del \u00abCrines de Espuma\u00bb no es fija, a excepci\u00f3n de su C\u00e1pitan y su Contramaestre, que son los \u00fanicos fijos en el rol. Los marineros y dem\u00e1s suboficiales suelen ser temporeros de varios puertos, de mayor o menor veterania, que en algunos casos vuelven a enrolarse en el barco tras meses de ausencia.<\/em><\/p>\n<h2><span style=\"color: #000000\">Capit\u00e1n Jabbar Rihab<\/span><\/h2>\n<p>De aspecto bonach\u00f3n, obeso y con un gran bigote, espeso y con las puntas hacia arriba, \u00a0Haradrim de mediana edad que siempre usa turbante de estilo hind\u00fa y maquillaje oscuro en los ojos. Viste t\u00fanicas y ropas amplias siempre de color blanco. Siempre parece estar contento y r\u00ede a la menos oportunidad, pero cuando se enfada y grita a sus hombres, se evidencia su veterania al mando y el miedo que muchos de sus hombres, sobretodo los mas novatos, le tienen.<\/p>\n<p>El Capit\u00e1n afirma no ser un pirata, pero parece que si no lo \u00e9s realmente, esta muy cerca de serlo. Al menos contrabandista si que lo \u00e9s, y no parece esconderlo.<\/p>\n<p>Por las historias que cuenta parece que particip\u00f3 de alg\u00fan modo en la batalla de la fortaleza costera de Al-Bassid, hace ya 5 a\u00f1os, y no parece que haya sido ni la \u00faltima ni la primera batalla naval en la que participa.<\/p>\n<p>Su apodo es \u00a0\u00abGagaraga\u00bb , que se traduce por \u00abGranbigote\u00bb, y seg\u00fan descubrieron nuestros protagonistas, en Haradico es un juego de palabras que aprovecha en parecido de la palabra \u00a0\u00abBigote\u00bb y la palabra que describe el \u00f3rgano sexual masculino&#8230;<\/p>\n<p>&nbsp;<\/p>\n<h2><span style=\"color: #000000\">Eduardo Gomes, contramaestre<\/span><\/h2>\n<p>Eduardo Gomes es bajito, sin un gramo de grasa, con los m\u00fasculos marcados , piel muy morena y pelo con rastas. No suele llevar ninguna prenda en el torso, a excepci\u00f3n de un cinto con pistolas y cuchillos, un accesorio bastante com\u00fan entre los piratas, aunque tambi\u00e9n \u00e9l afirma no serlo. Al igual que el Capit\u00e1n Rihab, Eduardo es muy simp\u00e1tico y de risa f\u00e1cil, aunque es bastante mas c\u00ednico y se burla hasta de su propio Capit\u00e1n. Los dos parecen llevarse bien y confiar el uno en el otro, a pesar de que el propio Eduardo advirti\u00f3 a los protagonistas que no se fiaran de nadie en el mar.<\/p>\n","protected":false},"excerpt":{"rendered":"<p>La tripulaci\u00f3n del \u00abCrines de Espuma\u00bb no es fija, a excepci\u00f3n de su C\u00e1pitan y su Contramaestre, que son los \u00fanicos fijos en el rol. Los marineros y dem\u00e1s suboficiales suelen ser temporeros de&#46;&#46;&#46;<\/p>\n","protected":false},"author":13,"featured_media":0,"parent":54,"menu_order":0,"comment_status":"open","ping_status":"open","template":"","meta":{"footnotes":""},"class_list":["post-302","page","type-page","status-publish","hentry"],"_links":{"self":[{"href":"https:\/\/alpeia.com\/blogs\/cronicasdecarabas\/wp-json\/wp\/v2\/pages\/302","targetHints":{"allow":["GET"]}}],"collection":[{"href":"https:\/\/alpeia.com\/blogs\/cronicasdecarabas\/wp-json\/wp\/v2\/pages"}],"about":[{"href":"https:\/\/alpeia.com\/blogs\/cronicasdecarabas\/wp-json\/wp\/v2\/types\/page"}],"author":[{"embeddable":true,"href":"https:\/\/alpeia.com\/blogs\/cronicasdecarabas\/wp-json\/wp\/v2\/users\/13"}],"replies":[{"embeddable":true,"href":"https:\/\/alpeia.com\/blogs\/cronicasdecarabas\/wp-json\/wp\/v2\/comments?post=302"}],"version-history":[{"count":3,"href":"https:\/\/alpeia.com\/blogs\/cronicasdecarabas\/wp-json\/wp\/v2\/pages\/302\/revisions"}],"predecessor-version":[{"id":306,"href":"https:\/\/alpeia.com\/blogs\/cronicasdecarabas\/wp-json\/wp\/v2\/pages\/302\/revisions\/306"}],"up":[{"embeddable":true,"href":"https:\/\/alpeia.com\/blogs\/cronicasdecarabas\/wp-json\/wp\/v2\/pages\/54"}],"wp:attachment":[{"href":"https:\/\/alpeia.com\/blogs\/cronicasdecarabas\/wp-json\/wp\/v2\/media?parent=302"}],"curies":[{"name":"wp","href":"https:\/\/api.w.org\/{rel}","templated":true}]}}